{"id":387,"date":"2026-01-30T19:31:05","date_gmt":"2026-01-30T18:31:05","guid":{"rendered":"https:\/\/miel.wintz.alsace\/ohlungen\/?page_id=387"},"modified":"2026-01-30T19:44:26","modified_gmt":"2026-01-30T18:44:26","slug":"le-travail-de-lapiculteur-def","status":"publish","type":"page","link":"https:\/\/miel.wintz.alsace\/ohlungen\/?page_id=387","title":{"rendered":"Le travail de l&rsquo;apiculteur"},"content":{"rendered":"<div data-colibri-id=\"387-c1\" class=\"style-496 style-local-387-c1 position-relative\">\r\n  <!---->\r\n  <div data-colibri-component=\"section\" data-colibri-id=\"387-c2\" id=\"about\" class=\"h-section h-section-global-spacing d-flex align-items-lg-center align-items-md-center align-items-center style-497 style-local-387-c2 position-relative\">\r\n    <!---->\r\n    <!---->\r\n    <div class=\"h-section-grid-container h-section-boxed-container\">\r\n      <!---->\r\n      <div data-colibri-id=\"387-c3\" class=\"h-row-container gutters-row-lg-2 gutters-row-md-2 gutters-row-2 gutters-row-v-lg-2 gutters-row-v-md-2 gutters-row-v-2 style-498 style-local-387-c3 position-relative\">\r\n        <!---->\r\n        <div class=\"h-row justify-content-lg-center justify-content-md-center justify-content-center align-items-lg-stretch align-items-md-stretch align-items-stretch gutters-col-lg-2 gutters-col-md-2 gutters-col-2 gutters-col-v-lg-2 gutters-col-v-md-2 gutters-col-v-2\">\r\n          <!---->\r\n          <div class=\"h-column h-column-container d-flex h-col-lg-auto h-col-md-auto h-col-auto style-499-outer style-local-387-c4-outer\">\r\n            <div data-colibri-id=\"387-c4\" class=\"d-flex h-flex-basis h-column__inner h-px-lg-2 h-px-md-2 h-px-2 v-inner-lg-2 v-inner-md-2 v-inner-2 style-499 style-local-387-c4 position-relative\">\r\n              <!---->\r\n              <!---->\r\n              <div class=\"w-100 h-y-container h-column__content h-column__v-align flex-basis-100 align-self-lg-center align-self-md-center align-self-center\">\r\n                <!---->\r\n                <div data-colibri-id=\"387-c5\" class=\"h-global-transition-all h-heading style-500 style-local-387-c5 position-relative h-element\">\r\n                  <!---->\r\n                  <div class=\"h-heading__outer style-500 style-local-387-c5\">\r\n                    <!---->\r\n                    <!---->\r\n                    <h5 class=\"\">UN METIER, UNE PASSION<\/h5>\r\n                  <\/div>\r\n                <\/div>\r\n                <div data-colibri-id=\"387-c6\" class=\"h-global-transition-all h-heading style-501 style-local-387-c6 position-relative h-element\">\r\n                  <!---->\r\n                  <div class=\"h-heading__outer style-501 style-local-387-c6\">\r\n                    <!---->\r\n                    <!---->\r\n                    <h2 class=\"\">L&rsquo;apiculteur, gardien des&nbsp;<em style=\"color: rgb(247, 144, 7); font-family: &quot;Playfair Display&quot;;\">abeilles<\/em> et des&nbsp;<em style=\"color: rgb(247, 144, 7); font-family: &quot;Playfair Display&quot;;\">saveurs<\/em><\/h2>\r\n                  <\/div>\r\n                <\/div>\r\n                <div data-colibri-id=\"387-c7\" class=\"h-text h-text-component style-502 style-local-387-c7 position-relative h-element\">\r\n                  <!---->\r\n                  <!---->\r\n                  <div class=\"\">\r\n                    <p>L\u2019apiculteur est bien plus qu\u2019un simple producteur de miel : il est le <strong>protecteur des abeilles<\/strong> et le <strong>gardien des terroirs<\/strong>. En veillant sur ses ruches, il pr\u00e9serve la biodiversit\u00e9 et assure la pollinisation,\r\n                      essentielle \u00e0 notre alimentation et \u00e0 l\u2019\u00e9quilibre des \u00e9cosyst\u00e8mes.<\/p>\r\n                    <p>Son travail est aussi un <strong>art de la patience et du savoir-faire<\/strong>. En suivant les floraisons et en d\u00e9pla\u00e7ant ses ruches, il permet aux abeilles de butiner des fleurs vari\u00e9es, offrant ainsi une <strong>diversit\u00e9 de miels uniques<\/strong>                      : lavande, acacia, ch\u00e2taignier, ou bruy\u00e8re. Chaque miel raconte l\u2019histoire d\u2019un paysage, d\u2019une saison, d\u2019un climat.<\/p>\r\n                    <p>Respectueux des cycles naturels, l\u2019apiculteur <strong>garantit des produits authentiques et riches en saveurs<\/strong>, tout en transmettant un patrimoine culinaire et \u00e9cologique. Son engagement est une <strong>c\u00e9l\u00e9bration de la nature<\/strong>,\r\n                      o\u00f9 chaque pot de miel devient un hommage \u00e0 la diversit\u00e9 et au travail artisanal. En le soutenant, nous pr\u00e9servons les abeilles, les saveurs, et un morceau de notre environnement.<\/p>\r\n                  <\/div>\r\n                <\/div>\r\n              <\/div>\r\n            <\/div>\r\n          <\/div>\r\n          <div class=\"h-column h-column-container d-flex h-col-lg-auto h-col-md-auto h-col-auto style-503-outer style-local-387-c8-outer\">\r\n            <div data-colibri-id=\"387-c8\" class=\"d-flex h-flex-basis h-column__inner h-px-lg-2 h-px-md-2 h-px-2 v-inner-lg-2 v-inner-md-2 v-inner-2 style-503 style-local-387-c8 position-relative\">\r\n              <!---->\r\n              <!---->\r\n              <div class=\"w-100 h-y-container h-column__content h-column__v-align flex-basis-100 align-self-lg-center align-self-md-center align-self-center\">\r\n                <!---->\r\n                <div data-colibri-id=\"387-c9\" class=\"d-block style-504 style-local-387-c9 position-relative h-element\">\r\n                  <!---->\r\n                  <div class=\"h-image__frame-container-outer\">\r\n                    <div class=\"h-image__frame-container\">\r\n                      <!---->\r\n                      <!---->\r\n                      <img loading=\"lazy\" decoding=\"async\" width=\"316\" height=\"316\" src=\"http:\/\/miel.wintz.alsace\/ohlungen\/wp-content\/uploads\/2026\/01\/cropped-Apiculteur-01.webp\" class=\"wp-image-392 style-504-image style-local-387-c9-image\" alt=\"\" srcset=\"https:\/\/miel.wintz.alsace\/ohlungen\/wp-content\/uploads\/2026\/01\/cropped-Apiculteur-01.webp 316w, https:\/\/miel.wintz.alsace\/ohlungen\/wp-content\/uploads\/2026\/01\/cropped-Apiculteur-01-300x300.webp 300w, https:\/\/miel.wintz.alsace\/ohlungen\/wp-content\/uploads\/2026\/01\/cropped-Apiculteur-01-150x150.webp 150w\" sizes=\"auto, (max-width: 316px) 100vw, 316px\" \/>\r\n                      <div class=\"h-image__frame h-hide-sm style-504-frameImage style-local-387-c9-frameImage\"><\/div>\r\n                    <\/div>\r\n                  <\/div>\r\n                <\/div>\r\n              <\/div>\r\n            <\/div>\r\n          <\/div>\r\n        <\/div>\r\n      <\/div>\r\n      <div data-colibri-id=\"387-c10\" class=\"h-row-container gutters-row-lg-2 gutters-row-md-2 gutters-row-0 gutters-row-v-lg-2 gutters-row-v-md-2 gutters-row-v-2 style-505 style-local-387-c10 position-relative\">\r\n        <!---->\r\n        <div class=\"h-row justify-content-lg-center justify-content-md-center justify-content-center align-items-lg-stretch align-items-md-stretch align-items-stretch gutters-col-lg-2 gutters-col-md-2 gutters-col-0 gutters-col-v-lg-2 gutters-col-v-md-2 gutters-col-v-2\">\r\n          <!---->\r\n          <div class=\"h-column h-column-container d-flex h-col-lg-auto h-col-md-auto h-col-auto style-506-outer style-local-387-c11-outer\">\r\n            <div data-colibri-id=\"387-c11\" class=\"d-flex h-flex-basis h-column__inner h-px-lg-2 h-px-md-2 h-px-2 v-inner-lg-2 v-inner-md-2 v-inner-2 style-506 style-local-387-c11 position-relative\">\r\n              <!---->\r\n              <!---->\r\n              <div class=\"w-100 h-y-container h-column__content h-column__v-align flex-basis-100 align-self-lg-start align-self-md-start align-self-start\">\r\n                <!---->\r\n                <div data-colibri-id=\"387-c12\" class=\"h-x-container style-507 style-local-387-c12 position-relative h-element\">\r\n                  <!---->\r\n                  <div class=\"h-x-container-inner style-dynamic-387-c12-group style-507-spacing style-local-387-c12-spacing\"><span class=\"h-button__outer style-508-outer style-local-387-c13-outer d-inline-flex h-element\"><a h-use-smooth-scroll=\"true\" href=\"\"  data-colibri-id=\"387-c13\" class=\"d-flex w-100 align-items-center h-button justify-content-lg-center justify-content-md-center justify-content-center style-508 style-local-387-c13 position-relative\"><!----><!----> <span>get started now<\/span><\/a>\r\n                    <\/span>\r\n                  <\/div>\r\n                <\/div>\r\n              <\/div>\r\n            <\/div>\r\n          <\/div>\r\n        <\/div>\r\n      <\/div>\r\n    <\/div>\r\n  <\/div>\r\n  <div data-colibri-component=\"section\" data-colibri-id=\"387-c14\" id=\"about-2\" class=\"h-section h-section-global-spacing d-flex align-items-lg-center align-items-md-center align-items-center style-509 style-local-387-c14 position-relative\">\r\n    <!---->\r\n    <!---->\r\n    <div class=\"h-section-grid-container h-section-boxed-container\">\r\n      <!---->\r\n      <div data-colibri-id=\"387-c15\" class=\"h-row-container gutters-row-lg-2 gutters-row-md-2 gutters-row-2 gutters-row-v-lg-2 gutters-row-v-md-2 gutters-row-v-2 style-510 style-local-387-c15 position-relative\">\r\n        <!---->\r\n        <div class=\"h-row justify-content-lg-center justify-content-md-center justify-content-center align-items-lg-stretch align-items-md-stretch align-items-stretch gutters-col-lg-2 gutters-col-md-2 gutters-col-2 gutters-col-v-lg-2 gutters-col-v-md-2 gutters-col-v-2\">\r\n          <!---->\r\n          <div class=\"h-column h-column-container d-flex h-col-lg-auto h-col-md-auto h-col-auto style-511-outer style-local-387-c16-outer\">\r\n            <div data-colibri-id=\"387-c16\" class=\"d-flex h-flex-basis h-column__inner h-px-lg-2 h-px-md-2 h-px-2 v-inner-lg-2 v-inner-md-2 v-inner-2 style-511 style-local-387-c16 position-relative\">\r\n              <!---->\r\n              <!---->\r\n              <div class=\"w-100 h-y-container h-column__content h-column__v-align flex-basis-100 align-self-lg-center align-self-md-center align-self-center\">\r\n                <!---->\r\n                <div data-colibri-id=\"387-c17\" class=\"d-block style-512 style-local-387-c17 position-relative h-element\">\r\n                  <!---->\r\n                  <div class=\"h-image__frame-container-outer\">\r\n                    <div class=\"h-image__frame-container\">\r\n                      <!---->\r\n                      <!---->\r\n                      <img decoding=\"async\" src=\"http:\/\/miel.wintz.alsace\/ohlungen\/wp-content\/uploads\/2026\/01\/cropped-332AF24A-639E-4BAC-B5A7-8CC741C55DD9_1_105_c.jpeg\" class=\"wp-image-393 style-512-image style-local-387-c17-image\" alt=\"\" \/>\r\n                      <div class=\"h-image__frame h-hide-sm style-512-frameImage style-local-387-c17-frameImage\"><\/div>\r\n                    <\/div>\r\n                  <\/div>\r\n                <\/div>\r\n              <\/div>\r\n            <\/div>\r\n          <\/div>\r\n          <div class=\"h-column h-column-container d-flex h-col-lg-auto h-col-md-auto h-col-auto style-513-outer style-local-387-c18-outer\">\r\n            <div data-colibri-id=\"387-c18\" class=\"d-flex h-flex-basis h-column__inner h-px-lg-2 h-px-md-2 h-px-2 v-inner-lg-2 v-inner-md-2 v-inner-2 style-513 style-local-387-c18 position-relative\">\r\n              <!---->\r\n              <!---->\r\n              <div class=\"w-100 h-y-container h-column__content h-column__v-align flex-basis-100 align-self-lg-center align-self-md-center align-self-center\">\r\n                <!---->\r\n                <div data-colibri-id=\"387-c19\" class=\"h-global-transition-all h-heading style-514 style-local-387-c19 position-relative h-element\">\r\n                  <!---->\r\n                  <div class=\"h-heading__outer style-514 style-local-387-c19\">\r\n                    <!---->\r\n                    <!---->\r\n                    <h5 class=\"\">CHRISTOPHE FUCHS<\/h5>\r\n                  <\/div>\r\n                <\/div>\r\n                <div data-colibri-id=\"387-c20\" class=\"h-global-transition-all h-heading style-515 style-local-387-c20 position-relative h-element\">\r\n                  <!---->\r\n                  <div class=\"h-heading__outer style-515 style-local-387-c20\">\r\n                    <!---->\r\n                    <!---->\r\n                    <h2 class=\"\">J&rsquo;ai d\u00e9couvert&nbsp;<em style=\"color: rgb(247, 144, 7); font-family: &quot;Playfair Display&quot;;\">l&rsquo;apiculture<\/em>&nbsp;\r\n                      <br>\u00e0 40 ans<\/h2>\r\n                  <\/div>\r\n                <\/div>\r\n                <div data-colibri-id=\"387-c21\" class=\"h-text h-text-component style-516 style-local-387-c21 position-relative h-element\">\r\n                  <!---->\r\n                  <!---->\r\n                  <div class=\"\">\r\n                    <p>A 40 ans je ne connaissais que le Picon &#8230; lorsqu&rsquo;un soir de pleine lune apparut une abeille qui me fit signe de la suivre.\r\n                      <br>Quelle ne fut pas ma surprise de d\u00e9couvrir aux confins d&rsquo;Ohlungen l&rsquo;art de l&rsquo;apiculture ou comment faire profiter \u00e0 un plus grand nombre les tr\u00e9sors mis \u00e0 notre disposition par ces magnifiques cr\u00e9atures que sont les abeilles.\r\n                      <br>Bon je m&rsquo;arr\u00eate l\u00e0, mais faudra quand m\u00eame penser \u00e0 un texte de pr\u00e9sentation<\/p>\r\n                  <\/div>\r\n                <\/div>\r\n              <\/div>\r\n            <\/div>\r\n          <\/div>\r\n        <\/div>\r\n      <\/div>\r\n      <div data-colibri-id=\"387-c22\" class=\"h-row-container gutters-row-lg-2 gutters-row-md-2 gutters-row-0 gutters-row-v-lg-2 gutters-row-v-md-2 gutters-row-v-2 style-517 style-local-387-c22 position-relative\">\r\n        <!---->\r\n        <div class=\"h-row justify-content-lg-center justify-content-md-center justify-content-center align-items-lg-stretch align-items-md-stretch align-items-stretch gutters-col-lg-2 gutters-col-md-2 gutters-col-0 gutters-col-v-lg-2 gutters-col-v-md-2 gutters-col-v-2\">\r\n          <!---->\r\n          <div class=\"h-column h-column-container d-flex h-col-lg-auto h-col-md-auto h-col-auto style-518-outer style-local-387-c23-outer\">\r\n            <div data-colibri-id=\"387-c23\" class=\"d-flex h-flex-basis h-column__inner h-px-lg-2 h-px-md-2 h-px-2 v-inner-lg-2 v-inner-md-2 v-inner-2 style-518 style-local-387-c23 position-relative\">\r\n              <!---->\r\n              <!---->\r\n              <div class=\"w-100 h-y-container h-column__content h-column__v-align flex-basis-100 align-self-lg-start align-self-md-start align-self-start\">\r\n                <!---->\r\n                <div data-colibri-id=\"387-c24\" class=\"h-x-container style-519 style-local-387-c24 position-relative h-element\">\r\n                  <!---->\r\n                  <div class=\"h-x-container-inner style-dynamic-387-c24-group style-519-spacing style-local-387-c24-spacing\"><span class=\"h-button__outer style-520-outer style-local-387-c25-outer d-inline-flex h-element\"><a h-use-smooth-scroll=\"true\" href=\"\"  data-colibri-id=\"387-c25\" class=\"d-flex w-100 align-items-center h-button justify-content-lg-center justify-content-md-center justify-content-center style-520 style-local-387-c25 position-relative\"><!----><!----> <span>get started now<\/span><\/a>\r\n                    <\/span>\r\n                  <\/div>\r\n                <\/div>\r\n              <\/div>\r\n            <\/div>\r\n          <\/div>\r\n        <\/div>\r\n      <\/div>\r\n      <div data-colibri-id=\"387-c26\" class=\"h-row-container gutters-row-lg-2 gutters-row-md-2 gutters-row-0 gutters-row-v-lg-2 gutters-row-v-md-2 gutters-row-v-2 style-521 style-local-387-c26 position-relative\">\r\n        <!---->\r\n        <div class=\"h-row justify-content-lg-center justify-content-md-center justify-content-center align-items-lg-stretch align-items-md-stretch align-items-stretch gutters-col-lg-2 gutters-col-md-2 gutters-col-0 gutters-col-v-lg-2 gutters-col-v-md-2 gutters-col-v-2\">\r\n          <!---->\r\n          <div class=\"h-column h-column-container d-flex h-col-lg-auto h-col-md-auto h-col-auto style-522-outer style-local-387-c27-outer\">\r\n            <div data-colibri-id=\"387-c27\" class=\"d-flex h-flex-basis h-column__inner h-ui-empty-state-container h-px-lg-2 h-px-md-2 h-px-2 v-inner-lg-2 v-inner-md-2 v-inner-2 style-522 style-local-387-c27 position-relative\">\r\n              <!---->\r\n              <!---->\r\n              <div class=\"w-100 h-y-container h-column__content h-column__v-align flex-basis-100\">\r\n                <!---->\r\n              <\/div>\r\n            <\/div>\r\n          <\/div>\r\n        <\/div>\r\n      <\/div>\r\n    <\/div>\r\n  <\/div>\r\n<\/div>","protected":false},"excerpt":{"rendered":"<p>UN METIER, UNE PASSION L&rsquo;apiculteur, gardien des&nbsp;abeilles et des&nbsp;saveurs L\u2019apiculteur est bien plus [&hellip;]<\/p>\n","protected":false},"author":1,"featured_media":0,"parent":0,"menu_order":0,"comment_status":"closed","ping_status":"closed","template":"page-templates\/full-width-page.php","meta":{"footnotes":""},"class_list":["post-387","page","type-page","status-publish","hentry"],"_links":{"self":[{"href":"https:\/\/miel.wintz.alsace\/ohlungen\/index.php?rest_route=\/wp\/v2\/pages\/387","targetHints":{"allow":["GET"]}}],"collection":[{"href":"https:\/\/miel.wintz.alsace\/ohlungen\/index.php?rest_route=\/wp\/v2\/pages"}],"about":[{"href":"https:\/\/miel.wintz.alsace\/ohlungen\/index.php?rest_route=\/wp\/v2\/types\/page"}],"author":[{"embeddable":true,"href":"https:\/\/miel.wintz.alsace\/ohlungen\/index.php?rest_route=\/wp\/v2\/users\/1"}],"replies":[{"embeddable":true,"href":"https:\/\/miel.wintz.alsace\/ohlungen\/index.php?rest_route=%2Fwp%2Fv2%2Fcomments&post=387"}],"version-history":[{"count":4,"href":"https:\/\/miel.wintz.alsace\/ohlungen\/index.php?rest_route=\/wp\/v2\/pages\/387\/revisions"}],"predecessor-version":[{"id":407,"href":"https:\/\/miel.wintz.alsace\/ohlungen\/index.php?rest_route=\/wp\/v2\/pages\/387\/revisions\/407"}],"wp:attachment":[{"href":"https:\/\/miel.wintz.alsace\/ohlungen\/index.php?rest_route=%2Fwp%2Fv2%2Fmedia&parent=387"}],"curies":[{"name":"wp","href":"https:\/\/api.w.org\/{rel}","templated":true}]}}