{"id":150,"date":"2026-01-30T16:09:18","date_gmt":"2026-01-30T15:09:18","guid":{"rendered":"https:\/\/miel.wintz.alsace\/ohlungen\/?page_id=150"},"modified":"2026-01-30T18:49:38","modified_gmt":"2026-01-30T17:49:38","slug":"silverstorm","status":"publish","type":"page","link":"https:\/\/miel.wintz.alsace\/ohlungen\/","title":{"rendered":"Accueil"},"content":{"rendered":"<div data-colibri-id=\"150-c1\" class=\"style-177 style-local-150-c1 position-relative\">\n  <!---->\n  <div data-colibri-component=\"section\" data-colibri-id=\"150-c2\" id=\"hero-accent\" class=\"h-section h-section-global-spacing d-flex align-items-lg-center align-items-md-center align-items-center style-178 style-local-150-c2 position-relative\">\n    <!---->\n    <!---->\n    <div class=\"h-section-grid-container h-section-fluid-container\">\n      <!---->\n      <div data-colibri-id=\"150-c3\" class=\"h-row-container gutters-row-lg-0 gutters-row-md-0 gutters-row-2 gutters-row-v-lg-2 gutters-row-v-md-2 gutters-row-v-2 style-179 style-local-150-c3 position-relative\">\n        <!---->\n        <div class=\"h-row justify-content-lg-center justify-content-md-center justify-content-center align-items-lg-stretch align-items-md-stretch align-items-stretch gutters-col-lg-0 gutters-col-md-0 gutters-col-2 gutters-col-v-lg-2 gutters-col-v-md-2 gutters-col-v-2\">\n          <!---->\n          <div class=\"h-column h-column-container d-flex h-col-lg-4 h-col-md-4 h-col-12 style-180-outer style-local-150-c4-outer\">\n            <div data-colibri-id=\"150-c4\" class=\"d-flex h-flex-basis h-column__inner h-px-lg-3 h-px-md-3 h-px-2 v-inner-lg-3 v-inner-md-3 v-inner-2 style-180 style-local-150-c4 position-relative\">\n              <!---->\n              <!---->\n              <div class=\"w-100 h-y-container h-column__content h-column__v-align flex-basis-100 align-self-lg-center align-self-md-center align-self-center\">\n                <!---->\n                <div data-colibri-id=\"150-c5\" class=\"h-global-transition-all h-heading style-181 style-local-150-c5 position-relative h-element\">\n                  <!---->\n                  <div class=\"h-heading__outer style-181 style-local-150-c5\">\n                    <!---->\n                    <!---->\n                    <h3 class=\"\">24k<\/h3>\n                  <\/div>\n                <\/div>\n                <div data-colibri-id=\"150-c6\" class=\"h-text h-text-component style-182 style-local-150-c6 position-relative h-element\">\n                  <!---->\n                  <!---->\n                  <div class=\"\">\n                    <p>Lorem ipsum dolor sit amet<\/p>\n                  <\/div>\n                <\/div>\n              <\/div>\n            <\/div>\n          <\/div>\n          <div class=\"h-column h-column-container d-flex h-col-lg-4 h-col-md-4 h-col-12 style-180-outer style-local-150-c7-outer\">\n            <div data-colibri-id=\"150-c7\" class=\"d-flex h-flex-basis h-column__inner h-px-lg-3 h-px-md-3 h-px-2 v-inner-lg-3 v-inner-md-3 v-inner-2 style-180 style-local-150-c7 position-relative\">\n              <!---->\n              <!---->\n              <div class=\"w-100 h-y-container h-column__content h-column__v-align flex-basis-100 align-self-lg-center align-self-md-center align-self-center\">\n                <!---->\n                <div data-colibri-id=\"150-c8\" class=\"h-global-transition-all h-heading style-181 style-local-150-c8 position-relative h-element\">\n                  <!---->\n                  <div class=\"h-heading__outer style-181 style-local-150-c8\">\n                    <!---->\n                    <!---->\n                    <h3 class=\"\">3.6M<\/h3>\n                  <\/div>\n                <\/div>\n                <div data-colibri-id=\"150-c9\" class=\"h-text h-text-component style-182 style-local-150-c9 position-relative h-element\">\n                  <!---->\n                  <!---->\n                  <div class=\"\">\n                    <p>Mei dolore tritani repudiandae<\/p>\n                  <\/div>\n                <\/div>\n              <\/div>\n            <\/div>\n          <\/div>\n          <div class=\"h-column h-column-container d-flex h-col-lg-4 h-col-md-4 h-col-12 style-180-outer style-local-150-c10-outer\">\n            <div data-colibri-id=\"150-c10\" class=\"d-flex h-flex-basis h-column__inner h-px-lg-3 h-px-md-3 h-px-2 v-inner-lg-3 v-inner-md-3 v-inner-2 style-180 style-local-150-c10 position-relative\">\n              <!---->\n              <!---->\n              <div class=\"w-100 h-y-container h-column__content h-column__v-align flex-basis-100 align-self-lg-center align-self-md-center align-self-center\">\n                <!---->\n                <div data-colibri-id=\"150-c11\" class=\"h-global-transition-all h-heading style-181 style-local-150-c11 position-relative h-element\">\n                  <!---->\n                  <div class=\"h-heading__outer style-181 style-local-150-c11\">\n                    <!---->\n                    <!---->\n                    <h3 class=\"\">+79<\/h3>\n                  <\/div>\n                <\/div>\n                <div data-colibri-id=\"150-c12\" class=\"h-text h-text-component style-182 style-local-150-c12 position-relative h-element\">\n                  <!---->\n                  <!---->\n                  <div class=\"\">\n                    <p>His nemore ad prima vivendum<\/p>\n                  <\/div>\n                <\/div>\n              <\/div>\n            <\/div>\n          <\/div>\n        <\/div>\n      <\/div>\n    <\/div>\n  <\/div>\n  <div data-colibri-component=\"section\" data-colibri-id=\"150-c13\" id=\"blog\" class=\"h-section h-section-global-spacing d-flex align-items-lg-center align-items-md-center align-items-center style-274 style-local-150-c13 position-relative\">\n    <!---->\n    <!---->\n    <div class=\"h-section-grid-container h-section-boxed-container\">\n      <div data-colibri-id=\"150-c25\" class=\"h-row-container gutters-row-lg-2 gutters-row-md-2 gutters-row-2 gutters-row-v-lg-2 gutters-row-v-md-2 gutters-row-v-2 style-286 style-local-150-c25 position-relative\">\n        <!---->\n        <div class=\"h-row justify-content-lg-center justify-content-md-center justify-content-center align-items-lg-stretch align-items-md-stretch align-items-stretch gutters-col-lg-2 gutters-col-md-2 gutters-col-2 gutters-col-v-lg-2 gutters-col-v-md-2 gutters-col-v-2\">\n          <!---->\n          <div class=\"h-column h-column-container d-flex h-col-lg-auto h-col-md-auto h-col-auto style-287-outer style-local-150-c26-outer\">\n            <div data-colibri-id=\"150-c26\" class=\"d-flex h-flex-basis h-column__inner h-px-lg-2 h-px-md-2 h-px-2 v-inner-lg-2 v-inner-md-2 v-inner-2 style-287 style-local-150-c26 position-relative\">\n              <!---->\n              <!---->\n              <div class=\"w-100 h-y-container h-column__content h-column__v-align flex-basis-100 align-self-lg-start align-self-md-start align-self-start\">\n                <!---->\n                <div data-colibri-id=\"150-c27\" class=\"h-global-transition-all h-heading style-288 style-local-150-c27 position-relative h-element\">\n                  <!---->\n                  <div class=\"h-heading__outer style-288 style-local-150-c27\">\n                    <!---->\n                    <!---->\n                    <h2 class=\"\">Les derni\u00e8res actualit\u00e9s<\/h2>\n                  <\/div>\n                <\/div>\n                <div data-colibri-id=\"150-c28\" class=\"h-lead h-text h-text-component style-289 style-local-150-c28 position-relative h-element\">\n                  <!---->\n                  <!---->\n                  <div class=\"\">\n                    <p>Lorem ipsum dolor sit amet, at mei dolore tritani repudiandae. In his nemore temporibus consequuntur, vim ad prima vivendum consetetur. <\/p>\n                  <\/div>\n                <\/div>\n              <\/div>\n            <\/div>\n          <\/div>\n        <\/div>\n      <\/div>\n      <div data-colibri-id=\"150-c14\" class=\"h-row-container gutters-row-lg-0 gutters-row-md-0 gutters-row-3 gutters-row-v-lg-0 gutters-row-v-md-0 gutters-row-v-3 style-275 style-local-150-c14 position-relative\">\n        <!---->\n        <div class=\"h-row justify-content-lg-center justify-content-md-center justify-content-center align-items-lg-stretch align-items-md-stretch align-items-stretch gutters-col-lg-0 gutters-col-md-0 gutters-col-3 gutters-col-v-lg-0 gutters-col-v-md-0 gutters-col-v-3\">\n          <!---->\n          <div class=\"h-column h-column-container d-flex h-col-lg-auto h-col-md-auto h-col-auto style-276-outer style-local-150-c15-outer\">\n            <div data-colibri-id=\"150-c15\" class=\"d-flex h-flex-basis h-column__inner h-px-lg-2 h-px-md-0 h-px-2 v-inner-lg-2 v-inner-md-0 v-inner-2 style-276 style-local-150-c15 position-relative\">\n              <!---->\n              <!---->\n              <div class=\"w-100 h-y-container h-column__content h-column__v-align flex-basis-100 align-self-lg-start align-self-md-start align-self-start\">\n                <!---->\n                <div data-colibri-id=\"150-c16\" class=\"h-row-container gutters-row-lg-1 gutters-row-md-2 gutters-row-0 gutters-row-v-lg-1 gutters-row-v-md-3 gutters-row-v-3 colibri-dynamic-list style-277 style-local-150-c16 position-relative\">\n                  <!---->\n                  <div data-colibri-component=\"masonry\" class=\"h-row justify-content-lg-start justify-content-md-start justify-content-start align-items-lg-stretch align-items-md-stretch align-items-stretch gutters-col-lg-1 gutters-col-md-2 gutters-col-0 gutters-col-v-lg-1 gutters-col-v-md-3 gutters-col-v-3 style-277-row style-local-150-c16-row\">\n                    <!---->\n        <div class=\"h-column h-column-container d-flex h-col-lg-4 h-col-md-12 h-col-12 post-501 post type-post status-publish format-standard hentry category-uncategorized masonry-item style-278-outer style-local-150-c17-outer\"><div data-colibri-id=\"150-c17\" class=\"d-flex h-flex-basis h-column__inner h-px-lg-2 h-px-md-3 h-px-2 v-inner-lg-2 v-inner-md-3 v-inner-2 style-278 style-local-150-c17 position-relative\"> <div class=\"w-100 h-y-container h-column__content h-column__v-align flex-basis-100 align-self-lg-start align-self-md-start align-self-start\"> <div data-href=\"https:\/\/miel.wintz.alsace\/ohlungen\/?p=501\" data-colibri-component=\"link\" data-colibri-id=\"150-c18\" class=\"colibri-post-thumbnail colibri-post-has-no-thumbnail colibri-post-thumbnail-has-placeholder style-279 style-local-150-c18 h-overflow-hidden position-relative h-element\"><div class=\"h-global-transition-all colibri-post-thumbnail-shortcode style-dynamic-150-c18-height\"><\/div> <div class=\"colibri-post-thumbnail-content align-items-lg-center align-items-md-center align-items-center flex-basis-100\"><div class=\"w-100 h-y-container\"> <\/div><\/div><\/div><div data-colibri-id=\"150-c19\" class=\"h-row-container gutters-row-lg-0 gutters-row-md-0 gutters-row-0 gutters-row-v-lg-0 gutters-row-v-md-0 gutters-row-v-0 style-280 style-local-150-c19 position-relative\"><div class=\"h-row justify-content-lg-center justify-content-md-center justify-content-center align-items-lg-stretch align-items-md-stretch align-items-stretch gutters-col-lg-0 gutters-col-md-0 gutters-col-0 gutters-col-v-lg-0 gutters-col-v-md-0 gutters-col-v-0\"> <div class=\"h-column h-column-container d-flex h-col-lg h-col-md h-col-auto style-281-outer style-local-150-c20-outer\"><div data-colibri-id=\"150-c20\" class=\"d-flex h-flex-basis h-column__inner h-px-lg-3 h-px-md-3 h-px-3 v-inner-lg-3 v-inner-md-3 v-inner-3 style-281 style-local-150-c20 position-relative\"> <div class=\"w-100 h-y-container h-column__content h-column__v-align flex-basis-100 align-self-lg-start align-self-md-start align-self-start\"> <div data-colibri-id=\"150-c21\" class=\"h-blog-title style-282 style-local-150-c21 position-relative h-element\"><div class=\"h-global-transition-all\"><a href=\"https:\/\/miel.wintz.alsace\/ohlungen\/?p=501\"><h2 class=\"colibri-word-wrap\">Mentions l\u00e9gales<\/h2><\/a><\/div><\/div><div data-colibri-id=\"150-c22\" class=\"style-283 style-local-150-c22 position-relative h-element\"><div class=\"h-global-transition-all\"><div class=\"colibri-post-excerpt\">Mentions l\u00e9gales \u00c9diteur du site :Christophe FUCHS &#8211; Mon Miel2 rue de l&rsquo;\u00e9cole [&hellip;]<\/div><\/div><\/div><div data-colibri-id=\"150-c23\" class=\"h-x-container style-284 style-local-150-c23 position-relative h-element\"><div class=\"h-x-container-inner style-dynamic-150-c23-group\"><span class=\"h-button__outer style-285-outer style-local-150-c24-outer d-inline-flex h-element\"><a href=\"https:\/\/miel.wintz.alsace\/ohlungen\/?p=501\" data-colibri-id=\"150-c24\" class=\"d-flex w-100 align-items-center h-button justify-content-lg-center justify-content-md-center justify-content-center style-285 style-local-150-c24 position-relative\"> <span>Read Article<\/span><\/a><\/span><\/div><\/div><\/div><\/div><\/div><\/div><\/div><\/div><\/div><\/div>\n      \n      \n        <div class=\"h-column h-column-container d-flex h-col-lg-4 h-col-md-12 h-col-12 post-343 post type-post status-publish format-standard has-post-thumbnail hentry masonry-item style-278-outer style-local-150-c17-outer\"><div data-colibri-id=\"150-c17\" class=\"d-flex h-flex-basis h-column__inner h-px-lg-2 h-px-md-3 h-px-2 v-inner-lg-2 v-inner-md-3 v-inner-2 style-278 style-local-150-c17 position-relative\"> <div class=\"w-100 h-y-container h-column__content h-column__v-align flex-basis-100 align-self-lg-start align-self-md-start align-self-start\"> <div data-href=\"https:\/\/miel.wintz.alsace\/ohlungen\/?p=343\" data-colibri-component=\"link\" data-colibri-id=\"150-c18\" class=\"colibri-post-thumbnail colibri-post-has-thumbnail colibri-post-thumbnail-has-placeholder style-279 style-local-150-c18 h-overflow-hidden position-relative h-element\"><div class=\"h-global-transition-all colibri-post-thumbnail-shortcode style-dynamic-150-c18-height\">            <a href=\"https:\/\/miel.wintz.alsace\/ohlungen\/?p=343\" title=\"Moi, Christophe F &#8230;\">\n\t\t\t\t<img loading=\"lazy\" decoding=\"async\" width=\"404\" height=\"600\" src=\"https:\/\/miel.wintz.alsace\/ohlungen\/wp-content\/uploads\/2026\/01\/cropped-332AF24A-639E-4BAC-B5A7-8CC741C55DD9_1_105_c-e1769850857360.jpeg\" class=\"attachment-post-thumbnail size-post-thumbnail wp-post-image\" alt=\"\" \/>            <\/a>\n\t\t\t<\/div> <div class=\"colibri-post-thumbnail-content align-items-lg-center align-items-md-center align-items-center flex-basis-100\"><div class=\"w-100 h-y-container\"> <\/div><\/div><\/div><div data-colibri-id=\"150-c19\" class=\"h-row-container gutters-row-lg-0 gutters-row-md-0 gutters-row-0 gutters-row-v-lg-0 gutters-row-v-md-0 gutters-row-v-0 style-280 style-local-150-c19 position-relative\"><div class=\"h-row justify-content-lg-center justify-content-md-center justify-content-center align-items-lg-stretch align-items-md-stretch align-items-stretch gutters-col-lg-0 gutters-col-md-0 gutters-col-0 gutters-col-v-lg-0 gutters-col-v-md-0 gutters-col-v-0\"> <div class=\"h-column h-column-container d-flex h-col-lg h-col-md h-col-auto style-281-outer style-local-150-c20-outer\"><div data-colibri-id=\"150-c20\" class=\"d-flex h-flex-basis h-column__inner h-px-lg-3 h-px-md-3 h-px-3 v-inner-lg-3 v-inner-md-3 v-inner-3 style-281 style-local-150-c20 position-relative\"> <div class=\"w-100 h-y-container h-column__content h-column__v-align flex-basis-100 align-self-lg-start align-self-md-start align-self-start\"> <div data-colibri-id=\"150-c21\" class=\"h-blog-title style-282 style-local-150-c21 position-relative h-element\"><div class=\"h-global-transition-all\"><a href=\"https:\/\/miel.wintz.alsace\/ohlungen\/?p=343\"><h2 class=\"colibri-word-wrap\">Moi, Christophe F &#8230;<\/h2><\/a><\/div><\/div><div data-colibri-id=\"150-c22\" class=\"style-283 style-local-150-c22 position-relative h-element\"><div class=\"h-global-transition-all\"><div class=\"colibri-post-excerpt\">A 40 ans je ne connaissais que le Picon &#8230; lorsqu&rsquo;un soir de [&hellip;]<\/div><\/div><\/div><div data-colibri-id=\"150-c23\" class=\"h-x-container style-284 style-local-150-c23 position-relative h-element\"><div class=\"h-x-container-inner style-dynamic-150-c23-group\"><span class=\"h-button__outer style-285-outer style-local-150-c24-outer d-inline-flex h-element\"><a href=\"https:\/\/miel.wintz.alsace\/ohlungen\/?p=343\" data-colibri-id=\"150-c24\" class=\"d-flex w-100 align-items-center h-button justify-content-lg-center justify-content-md-center justify-content-center style-285 style-local-150-c24 position-relative\"> <span>Read Article<\/span><\/a><\/span><\/div><\/div><\/div><\/div><\/div><\/div><\/div><\/div><\/div><\/div>\n      \n      \n        <div class=\"h-column h-column-container d-flex h-col-lg-4 h-col-md-12 h-col-12 post-257 post type-post status-publish format-standard hentry category-uncategorized masonry-item style-278-outer style-local-150-c17-outer\"><div data-colibri-id=\"150-c17\" class=\"d-flex h-flex-basis h-column__inner h-px-lg-2 h-px-md-3 h-px-2 v-inner-lg-2 v-inner-md-3 v-inner-2 style-278 style-local-150-c17 position-relative\"> <div class=\"w-100 h-y-container h-column__content h-column__v-align flex-basis-100 align-self-lg-start align-self-md-start align-self-start\"> <div data-href=\"https:\/\/miel.wintz.alsace\/ohlungen\/?p=257\" data-colibri-component=\"link\" data-colibri-id=\"150-c18\" class=\"colibri-post-thumbnail colibri-post-has-no-thumbnail colibri-post-thumbnail-has-placeholder style-279 style-local-150-c18 h-overflow-hidden position-relative h-element\"><div class=\"h-global-transition-all colibri-post-thumbnail-shortcode style-dynamic-150-c18-height\"><\/div> <div class=\"colibri-post-thumbnail-content align-items-lg-center align-items-md-center align-items-center flex-basis-100\"><div class=\"w-100 h-y-container\"> <\/div><\/div><\/div><div data-colibri-id=\"150-c19\" class=\"h-row-container gutters-row-lg-0 gutters-row-md-0 gutters-row-0 gutters-row-v-lg-0 gutters-row-v-md-0 gutters-row-v-0 style-280 style-local-150-c19 position-relative\"><div class=\"h-row justify-content-lg-center justify-content-md-center justify-content-center align-items-lg-stretch align-items-md-stretch align-items-stretch gutters-col-lg-0 gutters-col-md-0 gutters-col-0 gutters-col-v-lg-0 gutters-col-v-md-0 gutters-col-v-0\"> <div class=\"h-column h-column-container d-flex h-col-lg h-col-md h-col-auto style-281-outer style-local-150-c20-outer\"><div data-colibri-id=\"150-c20\" class=\"d-flex h-flex-basis h-column__inner h-px-lg-3 h-px-md-3 h-px-3 v-inner-lg-3 v-inner-md-3 v-inner-3 style-281 style-local-150-c20 position-relative\"> <div class=\"w-100 h-y-container h-column__content h-column__v-align flex-basis-100 align-self-lg-start align-self-md-start align-self-start\"> <div data-colibri-id=\"150-c21\" class=\"h-blog-title style-282 style-local-150-c21 position-relative h-element\"><div class=\"h-global-transition-all\"><a href=\"https:\/\/miel.wintz.alsace\/ohlungen\/?p=257\"><h2 class=\"colibri-word-wrap\">La gel\u00e9e royale<\/h2><\/a><\/div><\/div><div data-colibri-id=\"150-c22\" class=\"style-283 style-local-150-c22 position-relative h-element\"><div class=\"h-global-transition-all\"><div class=\"colibri-post-excerpt\">La gel\u00e9e royale est une substance naturelle produite par les abeilles ouvri\u00e8res, souvent [&hellip;]<\/div><\/div><\/div><div data-colibri-id=\"150-c23\" class=\"h-x-container style-284 style-local-150-c23 position-relative h-element\"><div class=\"h-x-container-inner style-dynamic-150-c23-group\"><span class=\"h-button__outer style-285-outer style-local-150-c24-outer d-inline-flex h-element\"><a href=\"https:\/\/miel.wintz.alsace\/ohlungen\/?p=257\" data-colibri-id=\"150-c24\" class=\"d-flex w-100 align-items-center h-button justify-content-lg-center justify-content-md-center justify-content-center style-285 style-local-150-c24 position-relative\"> <span>Read Article<\/span><\/a><\/span><\/div><\/div><\/div><\/div><\/div><\/div><\/div><\/div><\/div><\/div>\n      \n      \n                    <\/div>\n                <\/div>\n              <\/div>\n            <\/div>\n          <\/div>\n        <\/div>\n      <\/div>\n    <\/div>\n  <\/div>\n<\/div>","protected":false},"excerpt":{"rendered":"<p>24k Lorem ipsum dolor sit amet 3.6M Mei dolore tritani repudiandae +79 His [&hellip;]<\/p>\n","protected":false},"author":1,"featured_media":0,"parent":0,"menu_order":0,"comment_status":"closed","ping_status":"closed","template":"page-templates\/homepage.php","meta":{"footnotes":""},"class_list":["post-150","page","type-page","status-publish","hentry"],"_links":{"self":[{"href":"https:\/\/miel.wintz.alsace\/ohlungen\/index.php?rest_route=\/wp\/v2\/pages\/150","targetHints":{"allow":["GET"]}}],"collection":[{"href":"https:\/\/miel.wintz.alsace\/ohlungen\/index.php?rest_route=\/wp\/v2\/pages"}],"about":[{"href":"https:\/\/miel.wintz.alsace\/ohlungen\/index.php?rest_route=\/wp\/v2\/types\/page"}],"author":[{"embeddable":true,"href":"https:\/\/miel.wintz.alsace\/ohlungen\/index.php?rest_route=\/wp\/v2\/users\/1"}],"replies":[{"embeddable":true,"href":"https:\/\/miel.wintz.alsace\/ohlungen\/index.php?rest_route=%2Fwp%2Fv2%2Fcomments&post=150"}],"version-history":[{"count":10,"href":"https:\/\/miel.wintz.alsace\/ohlungen\/index.php?rest_route=\/wp\/v2\/pages\/150\/revisions"}],"predecessor-version":[{"id":373,"href":"https:\/\/miel.wintz.alsace\/ohlungen\/index.php?rest_route=\/wp\/v2\/pages\/150\/revisions\/373"}],"wp:attachment":[{"href":"https:\/\/miel.wintz.alsace\/ohlungen\/index.php?rest_route=%2Fwp%2Fv2%2Fmedia&parent=150"}],"curies":[{"name":"wp","href":"https:\/\/api.w.org\/{rel}","templated":true}]}}